{"id":28,"date":"2020-10-23T03:13:39","date_gmt":"2020-10-23T03:13:39","guid":{"rendered":"http:\/\/cpamactionespace.com\/?page_id=28"},"modified":"2021-03-01T18:34:38","modified_gmt":"2021-03-01T22:34:38","slug":"stories","status":"publish","type":"page","link":"https:\/\/lesfemmesracontent.ca\/fr\/","title":{"rendered":"Les histoires"},"content":{"rendered":"<p>Women Tell Their Stories is a project developed by women, for women, to inspire us with stories of women and girls who have fought back against assault, harassment, discrimination, domestic violence, rape, stalking, and other types of violence. The assault prevention strategies presented here are based on the Action Self-defense course for women given by the&nbsp;<a href=\"http:\/\/www.cpamapc.org\/fr\/\" target=\"_blank\" rel=\"noreferrer noopener\">Centre de pr\u00e9vention des agressions de Montr\u00e9al.<\/a><\/p>\n\n\n\n<p>Les strat\u00e9gies utilis\u00e9es par ces femmes ne sont pas compliqu\u00e9es et sont accessibles \u00e0 toutes.<\/p>\n\n\n\n<p>Nous sommes toutes capables de riposter!<\/p>\n\n\n\n<p>Les histoires pr\u00e9sent\u00e9es ici nous ont \u00e9t\u00e9 racont\u00e9es par les femmes qui les ont v\u00e9cues et leurs pr\u00e9noms ont \u00e9t\u00e9 chang\u00e9s. La plupart d'entre elles n'avaient pas suivi de cours d'autod\u00e9fense au moment de l'agression. Elles ont ripost\u00e9 en se fiant \u00e0 leur intuition.<\/p>","protected":false},"excerpt":{"rendered":"<p>Women Tell Their Stories is a project developed by women, for women, to inspire us with stories of women and girls who have fought back against assault, harassment, discrimination, domestic violence, rape, stalking, and other types of violence. The assault prevention strategies presented here are based on the Action Self-defense course for women given by [&hellip;]<\/p>","protected":false},"author":1,"featured_media":0,"parent":0,"menu_order":0,"comment_status":"closed","ping_status":"closed","template":"","meta":{"inline_featured_image":false},"acf":[],"yoast_head":"<!-- This site is optimized with the Yoast SEO plugin v20.7 - https:\/\/yoast.com\/wordpress\/plugins\/seo\/ -->\n<title>Women Tell Their Stories - CPAM<\/title>\n<meta name=\"description\" content=\"Women Tell Their Stories is a project developed by women, for women, to inspire us with stories of women and girls who have fought back against assault, harassment, discrimination, domestic violence, rape, stalking, and other types of violence.\" \/>\n<meta name=\"robots\" content=\"noindex, follow\" \/>\n<meta property=\"og:locale\" content=\"fr_FR\" \/>\n<meta property=\"og:type\" content=\"article\" \/>\n<meta property=\"og:title\" content=\"Women Tell Their Stories - CPAM\" \/>\n<meta property=\"og:description\" content=\"Women Tell Their Stories is a project developed by women, for women, to inspire us with stories of women and girls who have fought back against assault, harassment, discrimination, domestic violence, rape, stalking, and other types of violence.\" \/>\n<meta property=\"og:url\" content=\"https:\/\/lesfemmesracontent.ca\/fr\/\" \/>\n<meta property=\"og:site_name\" content=\"Women Tell Their Stories - CPAM\" \/>\n<meta property=\"article:modified_time\" content=\"2021-03-01T22:34:38+00:00\" \/>\n<meta property=\"og:image\" content=\"https:\/\/lesfemmesracontent.ca\/wp-content\/uploads\/2021\/01\/WomenTellTheirStories-Social.jpg\" \/>\n\t<meta property=\"og:image:width\" content=\"1200\" \/>\n\t<meta property=\"og:image:height\" content=\"627\" \/>\n\t<meta property=\"og:image:type\" content=\"image\/jpeg\" \/>\n<meta name=\"twitter:card\" content=\"summary_large_image\" \/>\n<meta name=\"twitter:label1\" content=\"Dur\u00e9e de lecture estim\u00e9e\" \/>\n\t<meta name=\"twitter:data1\" content=\"1 minute\" \/>\n<script type=\"application\/ld+json\" class=\"yoast-schema-graph\">{\"@context\":\"https:\/\/schema.org\",\"@graph\":[{\"@type\":\"WebPage\",\"@id\":\"https:\/\/lesfemmesracontent.ca\/\",\"url\":\"https:\/\/lesfemmesracontent.ca\/\",\"name\":\"Women Tell Their Stories - CPAM\",\"isPartOf\":{\"@id\":\"https:\/\/lesfemmesracontent.ca\/#website\"},\"datePublished\":\"2020-10-23T03:13:39+00:00\",\"dateModified\":\"2021-03-01T22:34:38+00:00\",\"description\":\"Women Tell Their Stories is a project developed by women, for women, to inspire us with stories of women and girls who have fought back against assault, harassment, discrimination, domestic violence, rape, stalking, and other types of violence.\",\"breadcrumb\":{\"@id\":\"https:\/\/lesfemmesracontent.ca\/#breadcrumb\"},\"inLanguage\":\"fr-FR\",\"potentialAction\":[{\"@type\":\"ReadAction\",\"target\":[\"https:\/\/lesfemmesracontent.ca\/\"]}]},{\"@type\":\"BreadcrumbList\",\"@id\":\"https:\/\/lesfemmesracontent.ca\/#breadcrumb\",\"itemListElement\":[{\"@type\":\"ListItem\",\"position\":1,\"name\":\"Home\",\"item\":\"https:\/\/lesfemmesracontent.ca\/\"},{\"@type\":\"ListItem\",\"position\":2,\"name\":\"The stories\"}]},{\"@type\":\"WebSite\",\"@id\":\"https:\/\/lesfemmesracontent.ca\/#website\",\"url\":\"https:\/\/lesfemmesracontent.ca\/\",\"name\":\"Women Tell Their Stories\",\"description\":\"are written by women, for women, to inspire us with stories of women and girls who have fought back against assault, harassment, discrimination, conjugal violence, rape, stalking, and other types of violence.\",\"publisher\":{\"@id\":\"https:\/\/lesfemmesracontent.ca\/#organization\"},\"potentialAction\":[{\"@type\":\"SearchAction\",\"target\":{\"@type\":\"EntryPoint\",\"urlTemplate\":\"https:\/\/lesfemmesracontent.ca\/?s={search_term_string}\"},\"query-input\":\"required name=search_term_string\"}],\"inLanguage\":\"fr-FR\"},{\"@type\":\"Organization\",\"@id\":\"https:\/\/lesfemmesracontent.ca\/#organization\",\"name\":\"Women Tell Their Stories\",\"url\":\"https:\/\/lesfemmesracontent.ca\/\",\"logo\":{\"@type\":\"ImageObject\",\"inLanguage\":\"fr-FR\",\"@id\":\"https:\/\/lesfemmesracontent.ca\/#\/schema\/logo\/image\/\",\"url\":\"http:\/\/lesfemmesracontent.ca\/wp-content\/uploads\/2020\/11\/favicon64x64.svg\",\"contentUrl\":\"http:\/\/lesfemmesracontent.ca\/wp-content\/uploads\/2020\/11\/favicon64x64.svg\",\"width\":64,\"height\":64,\"caption\":\"Women Tell Their Stories\"},\"image\":{\"@id\":\"https:\/\/lesfemmesracontent.ca\/#\/schema\/logo\/image\/\"}}]}<\/script>\n<!-- \/ Yoast SEO plugin. -->","yoast_head_json":{"title":"Women Tell Their Stories - CPAM","description":"Women Tell Their Stories is a project developed by women, for women, to inspire us with stories of women and girls who have fought back against assault, harassment, discrimination, domestic violence, rape, stalking, and other types of violence.","robots":{"index":"noindex","follow":"follow"},"og_locale":"fr_FR","og_type":"article","og_title":"Women Tell Their Stories - CPAM","og_description":"Women Tell Their Stories is a project developed by women, for women, to inspire us with stories of women and girls who have fought back against assault, harassment, discrimination, domestic violence, rape, stalking, and other types of violence.","og_url":"https:\/\/lesfemmesracontent.ca\/fr\/","og_site_name":"Women Tell Their Stories - CPAM","article_modified_time":"2021-03-01T22:34:38+00:00","og_image":[{"width":1200,"height":627,"url":"https:\/\/lesfemmesracontent.ca\/wp-content\/uploads\/2021\/01\/WomenTellTheirStories-Social.jpg","type":"image\/jpeg"}],"twitter_card":"summary_large_image","twitter_misc":{"Dur\u00e9e de lecture estim\u00e9e":"1 minute"},"schema":{"@context":"https:\/\/schema.org","@graph":[{"@type":"WebPage","@id":"https:\/\/lesfemmesracontent.ca\/","url":"https:\/\/lesfemmesracontent.ca\/","name":"Women Tell Their Stories - CPAM","isPartOf":{"@id":"https:\/\/lesfemmesracontent.ca\/#website"},"datePublished":"2020-10-23T03:13:39+00:00","dateModified":"2021-03-01T22:34:38+00:00","description":"Women Tell Their Stories is a project developed by women, for women, to inspire us with stories of women and girls who have fought back against assault, harassment, discrimination, domestic violence, rape, stalking, and other types of violence.","breadcrumb":{"@id":"https:\/\/lesfemmesracontent.ca\/#breadcrumb"},"inLanguage":"fr-FR","potentialAction":[{"@type":"ReadAction","target":["https:\/\/lesfemmesracontent.ca\/"]}]},{"@type":"BreadcrumbList","@id":"https:\/\/lesfemmesracontent.ca\/#breadcrumb","itemListElement":[{"@type":"ListItem","position":1,"name":"Home","item":"https:\/\/lesfemmesracontent.ca\/"},{"@type":"ListItem","position":2,"name":"The stories"}]},{"@type":"WebSite","@id":"https:\/\/lesfemmesracontent.ca\/#website","url":"https:\/\/lesfemmesracontent.ca\/","name":"Women Tell Their Stories","description":"are written by women, for women, to inspire us with stories of women and girls who have fought back against assault, harassment, discrimination, conjugal violence, rape, stalking, and other types of violence.","publisher":{"@id":"https:\/\/lesfemmesracontent.ca\/#organization"},"potentialAction":[{"@type":"SearchAction","target":{"@type":"EntryPoint","urlTemplate":"https:\/\/lesfemmesracontent.ca\/?s={search_term_string}"},"query-input":"required name=search_term_string"}],"inLanguage":"fr-FR"},{"@type":"Organization","@id":"https:\/\/lesfemmesracontent.ca\/#organization","name":"Women Tell Their Stories","url":"https:\/\/lesfemmesracontent.ca\/","logo":{"@type":"ImageObject","inLanguage":"fr-FR","@id":"https:\/\/lesfemmesracontent.ca\/#\/schema\/logo\/image\/","url":"http:\/\/lesfemmesracontent.ca\/wp-content\/uploads\/2020\/11\/favicon64x64.svg","contentUrl":"http:\/\/lesfemmesracontent.ca\/wp-content\/uploads\/2020\/11\/favicon64x64.svg","width":64,"height":64,"caption":"Women Tell Their Stories"},"image":{"@id":"https:\/\/lesfemmesracontent.ca\/#\/schema\/logo\/image\/"}}]}},"_links":{"self":[{"href":"https:\/\/lesfemmesracontent.ca\/fr\/wp-json\/wp\/v2\/pages\/28"}],"collection":[{"href":"https:\/\/lesfemmesracontent.ca\/fr\/wp-json\/wp\/v2\/pages"}],"about":[{"href":"https:\/\/lesfemmesracontent.ca\/fr\/wp-json\/wp\/v2\/types\/page"}],"author":[{"embeddable":true,"href":"https:\/\/lesfemmesracontent.ca\/fr\/wp-json\/wp\/v2\/users\/1"}],"replies":[{"embeddable":true,"href":"https:\/\/lesfemmesracontent.ca\/fr\/wp-json\/wp\/v2\/comments?post=28"}],"version-history":[{"count":6,"href":"https:\/\/lesfemmesracontent.ca\/fr\/wp-json\/wp\/v2\/pages\/28\/revisions"}],"predecessor-version":[{"id":1831,"href":"https:\/\/lesfemmesracontent.ca\/fr\/wp-json\/wp\/v2\/pages\/28\/revisions\/1831"}],"wp:attachment":[{"href":"https:\/\/lesfemmesracontent.ca\/fr\/wp-json\/wp\/v2\/media?parent=28"}],"curies":[{"name":"wp","href":"https:\/\/api.w.org\/{rel}","templated":true}]}}